{"id":25,"date":"2018-02-11T22:54:45","date_gmt":"2018-02-11T21:54:45","guid":{"rendered":"http:\/\/www.eichhof.org\/stiftung\/?page_id=25"},"modified":"2024-07-04T08:58:55","modified_gmt":"2024-07-04T06:58:55","slug":"impressum","status":"publish","type":"page","link":"https:\/\/www.eichhof.org\/stiftung\/impressum\/","title":{"rendered":"Impressum"},"content":{"rendered":"<p>Stiftung Eichhof &#8211; Lebensgemeinschaft f\u00fcr Menschen mit einer geistigen Behinderung<\/p>\n<p>Eichhof 8<br \/>\n53804 Much<\/p>\n<p>Telefon: 0175 52 66 545<\/p>\n<p>info at eichhof-stiftung punkt org<\/p>\n<p>&nbsp;<\/p>\n<p>Der Vorstand der Stiftung Eichhof:<\/p>\n<p>Michael Meier<\/p>\n<p>Sebastian Groeger<\/p>\n<p>Marcel Heinen<\/p>\n<p>&nbsp;<\/p>\n<p>Das Kuratorium der Stiftung besteht aus dem Vorstand des Freundeskreis Lebensgemeinschaft Eichhof e.V.<\/p>\n<p>&nbsp;<\/p>\n<p>F\u00fcr alle konkreten Fragen zur Stiftung wenden Sie sich an den Stiftungsorganisator<\/p>\n<p>Michael Meier<\/p>\n<p>info at eichhof-stiftung punkt org<\/p>\n<p>Bankverbindung:<br \/>\nKreissparkasse K\u00f6ln<br \/>\nIBAN DE16 3705 0299 0000 3117 86<\/p>\n<p>Die Stiftung ist vom Finanzamt Siegburg,<br \/>\nSteuernummer 220\/5961\/0872<br \/>\nals gemeinn\u00fctzig und mildt\u00e4tig anerkannt.<\/p>\n<p>Zust\u00e4ndige Aufsichtsbeh\u00f6rde f\u00fcr die Stiftung ist die<br \/>\nBezirksregierung K\u00f6ln, Zeughausstr. 2-10, 50667 K\u00f6ln<\/p>\n<p>F\u00fcr die Website:<br \/>\nV.i.S.d.P<br \/>\nMichael Ziegert<br \/>\nWalterscheid 32<br \/>\n53804 Much<br \/>\nwebmaster at eichhof-stiftung punkt org<\/p>\n","protected":false},"excerpt":{"rendered":"<p>Stiftung Eichhof &#8211; Lebensgemeinschaft f\u00fcr Menschen mit einer geistigen Behinderung Eichhof 8 53804 Much Telefon: 0175 52 66 545 info at eichhof-stiftung punkt org &nbsp; Der Vorstand der Stiftung Eichhof: Michael Meier Sebastian Groeger Marcel Heinen &nbsp; Das Kuratorium der Stiftung besteht aus dem Vorstand des Freundeskreis Lebensgemeinschaft Eichhof e.V. &nbsp; F\u00fcr alle konkreten Fragen [&hellip;]<\/p>\n","protected":false},"author":1,"featured_media":0,"parent":0,"menu_order":0,"comment_status":"closed","ping_status":"closed","template":"","meta":[],"_links":{"self":[{"href":"https:\/\/www.eichhof.org\/stiftung\/wp-json\/wp\/v2\/pages\/25"}],"collection":[{"href":"https:\/\/www.eichhof.org\/stiftung\/wp-json\/wp\/v2\/pages"}],"about":[{"href":"https:\/\/www.eichhof.org\/stiftung\/wp-json\/wp\/v2\/types\/page"}],"author":[{"embeddable":true,"href":"https:\/\/www.eichhof.org\/stiftung\/wp-json\/wp\/v2\/users\/1"}],"replies":[{"embeddable":true,"href":"https:\/\/www.eichhof.org\/stiftung\/wp-json\/wp\/v2\/comments?post=25"}],"version-history":[{"count":8,"href":"https:\/\/www.eichhof.org\/stiftung\/wp-json\/wp\/v2\/pages\/25\/revisions"}],"predecessor-version":[{"id":130,"href":"https:\/\/www.eichhof.org\/stiftung\/wp-json\/wp\/v2\/pages\/25\/revisions\/130"}],"wp:attachment":[{"href":"https:\/\/www.eichhof.org\/stiftung\/wp-json\/wp\/v2\/media?parent=25"}],"curies":[{"name":"wp","href":"https:\/\/api.w.org\/{rel}","templated":true}]}}