{"id":20,"date":"2018-02-11T22:51:29","date_gmt":"2018-02-11T21:51:29","guid":{"rendered":"http:\/\/www.eichhof.org\/stiftung\/?page_id=20"},"modified":"2018-02-13T11:29:35","modified_gmt":"2018-02-13T10:29:35","slug":"wie_helfen","status":"publish","type":"page","link":"https:\/\/www.eichhof.org\/stiftung\/wie_helfen\/","title":{"rendered":"Wie k\u00f6nnen Sie helfen?"},"content":{"rendered":"<p>Das Geld aus Gr\u00fcndung und Zustiftungen muss in der Stiftung bleiben und darf zu keinem Zeitpunkt ausgegeben werden. Ihren Zweck kann die Stiftung ausschlie\u00dflich aus den Ertr\u00e4gen ihres Kapitals erf\u00fcllen. Das wiederum bedeutet, dass die Stiftung ein erhebliches Kapital ansammeln muss, um in nennenswerter Form aktiv werden zu k\u00f6nnen.<\/p>\n<p>Da ist die Eichhof-Stiftung auf einem sehr guten Weg. Viele Mitglieder des Vereins haben bereits gestiftet, auch Mitarbeiter der Eichhof-gGmbH und dar\u00fcber hinaus auch viele weitere Menschen, die sich dem Eichhof verbunden f\u00fchlen, weil sie sehen, welche wichtige Aufgabe der Eichhof erf\u00fcllt.<\/p>\n<p>Wenn Sie die Eichhof-Stiftung unterst\u00fctzen m\u00f6chten, dann sind Sie jederzeit herzlich willkommen. Nat\u00fcrlich erhalten Sie f\u00fcr Ihre Zustiftung (oder Spende) die finanzamtliche Zuwendungsbest\u00e4tigung, wobei Zustiftungen in den Kapitalstock der Stiftung flie\u00dfen und Spenden zeitnah f\u00fcr den Stiftungszweck verwendet werden m\u00fcssen.<\/p>\n<p>Erfreulicherweise hat der Gesetzgeber das Gemeinn\u00fctzigkeits- und Spendenrecht ab dem 1.1.2008 mit erheblich gr\u00f6\u00dferen steuerlichen Anreizen ausgestattet. Sollten wir Ihr Interesse an einer gr\u00f6\u00dferen Zustiftung in Form von Geld oder Sachzuwendung aus Verm\u00f6gen oder Erbschaften geweckt haben, so <a href=\"http:\/\/www.eichhof.org\/stiftung\/kontakt\/\">wenden Sie sich an uns<\/a>. Wir sprechen gerne mit Ihnen \u00fcber rechtliche und steuerliche Aspekte einer Zustiftung.<\/p>\n","protected":false},"excerpt":{"rendered":"<p>Das Geld aus Gr\u00fcndung und Zustiftungen muss in der Stiftung bleiben und darf zu keinem Zeitpunkt ausgegeben werden. Ihren Zweck kann die Stiftung ausschlie\u00dflich aus den Ertr\u00e4gen ihres Kapitals erf\u00fcllen. Das wiederum bedeutet, dass die Stiftung ein erhebliches Kapital ansammeln muss, um in nennenswerter Form aktiv werden zu k\u00f6nnen. Da ist die Eichhof-Stiftung auf einem [&hellip;]<\/p>\n","protected":false},"author":1,"featured_media":0,"parent":0,"menu_order":0,"comment_status":"closed","ping_status":"closed","template":"","meta":[],"_links":{"self":[{"href":"https:\/\/www.eichhof.org\/stiftung\/wp-json\/wp\/v2\/pages\/20"}],"collection":[{"href":"https:\/\/www.eichhof.org\/stiftung\/wp-json\/wp\/v2\/pages"}],"about":[{"href":"https:\/\/www.eichhof.org\/stiftung\/wp-json\/wp\/v2\/types\/page"}],"author":[{"embeddable":true,"href":"https:\/\/www.eichhof.org\/stiftung\/wp-json\/wp\/v2\/users\/1"}],"replies":[{"embeddable":true,"href":"https:\/\/www.eichhof.org\/stiftung\/wp-json\/wp\/v2\/comments?post=20"}],"version-history":[{"count":6,"href":"https:\/\/www.eichhof.org\/stiftung\/wp-json\/wp\/v2\/pages\/20\/revisions"}],"predecessor-version":[{"id":79,"href":"https:\/\/www.eichhof.org\/stiftung\/wp-json\/wp\/v2\/pages\/20\/revisions\/79"}],"wp:attachment":[{"href":"https:\/\/www.eichhof.org\/stiftung\/wp-json\/wp\/v2\/media?parent=20"}],"curies":[{"name":"wp","href":"https:\/\/api.w.org\/{rel}","templated":true}]}}