{"id":2,"date":"2018-02-11T22:33:49","date_gmt":"2018-02-11T21:33:49","guid":{"rendered":"http:\/\/www.eichhof.org\/stiftung\/?page_id=2"},"modified":"2018-04-01T17:01:09","modified_gmt":"2018-04-01T15:01:09","slug":"beispiel-seite","status":"publish","type":"page","link":"https:\/\/www.eichhof.org\/stiftung\/","title":{"rendered":"Startseite"},"content":{"rendered":"<h1>Herzlich Willkommen!<\/h1>\n<p>Sie befinden sich auf der Web-Site der Stiftung Eichhof.<\/p>\n<p>( Die Web-Site der <a href=\"http:\/\/www.eichhof.org\">Lebensgemeinschaft Eichhof finden Sie hier<\/a>. )<\/p>\n<p>Die Stiftung ist hervorgegangen aus der Lebensgemeinschaft Eichhof in Much\/Rhein-Sieg-Kreis, in der circa 120 erwachsene Menschen mit geistiger Behinderung wohnen und arbeiten.<\/p>\n<p><img loading=\"lazy\" class=\"alignnone wp-image-8 size-full\" src=\"http:\/\/www.eichhof.org\/stiftung\/wp-content\/uploads\/2018\/02\/foto22_frame.jpg\" alt=\"\" width=\"600\" height=\"450\" srcset=\"https:\/\/www.eichhof.org\/stiftung\/wp-content\/uploads\/2018\/02\/foto22_frame.jpg 600w, https:\/\/www.eichhof.org\/stiftung\/wp-content\/uploads\/2018\/02\/foto22_frame-300x225.jpg 300w\" sizes=\"(max-width: 600px) 100vw, 600px\" \/><br \/>\nDie Stiftung hat sich zum Ziel gesetzt, die Lebensgemeinschaft Eichhof und die dort lebenden Menschen dauerhaft finanziell zu unterst\u00fctzen, um sie m\u00f6glichst unabh\u00e4ngig von \u00e4u\u00dferen Entwicklungen zu machen.<\/p>\n","protected":false},"excerpt":{"rendered":"<p>Herzlich Willkommen! Sie befinden sich auf der Web-Site der Stiftung Eichhof. ( Die Web-Site der Lebensgemeinschaft Eichhof finden Sie hier. ) Die Stiftung ist hervorgegangen aus der Lebensgemeinschaft Eichhof in Much\/Rhein-Sieg-Kreis, in der circa 120 erwachsene Menschen mit geistiger Behinderung wohnen und arbeiten. Die Stiftung hat sich zum Ziel gesetzt, die Lebensgemeinschaft Eichhof und die [&hellip;]<\/p>\n","protected":false},"author":1,"featured_media":0,"parent":0,"menu_order":0,"comment_status":"closed","ping_status":"open","template":"","meta":[],"_links":{"self":[{"href":"https:\/\/www.eichhof.org\/stiftung\/wp-json\/wp\/v2\/pages\/2"}],"collection":[{"href":"https:\/\/www.eichhof.org\/stiftung\/wp-json\/wp\/v2\/pages"}],"about":[{"href":"https:\/\/www.eichhof.org\/stiftung\/wp-json\/wp\/v2\/types\/page"}],"author":[{"embeddable":true,"href":"https:\/\/www.eichhof.org\/stiftung\/wp-json\/wp\/v2\/users\/1"}],"replies":[{"embeddable":true,"href":"https:\/\/www.eichhof.org\/stiftung\/wp-json\/wp\/v2\/comments?post=2"}],"version-history":[{"count":6,"href":"https:\/\/www.eichhof.org\/stiftung\/wp-json\/wp\/v2\/pages\/2\/revisions"}],"predecessor-version":[{"id":103,"href":"https:\/\/www.eichhof.org\/stiftung\/wp-json\/wp\/v2\/pages\/2\/revisions\/103"}],"wp:attachment":[{"href":"https:\/\/www.eichhof.org\/stiftung\/wp-json\/wp\/v2\/media?parent=2"}],"curies":[{"name":"wp","href":"https:\/\/api.w.org\/{rel}","templated":true}]}}