{"id":18,"date":"2018-02-11T22:50:38","date_gmt":"2018-02-11T21:50:38","guid":{"rendered":"http:\/\/www.eichhof.org\/stiftung\/?page_id=18"},"modified":"2018-02-12T22:57:39","modified_gmt":"2018-02-12T21:57:39","slug":"zweck_der_stiftung","status":"publish","type":"page","link":"https:\/\/www.eichhof.org\/stiftung\/zweck_der_stiftung\/","title":{"rendered":"Der Zweck der Stiftung"},"content":{"rendered":"<p>Wie mag die Gesellschaft in einigen Jahren und Jahrzehnten aussehen?<\/p>\n<p>Wie viel Wert mag auf den sozialen Gedanken gelegt werden, wie viel Geld wird die &#8222;\u00d6ffentliche Hand&#8220; f\u00fcr die Schw\u00e4cheren bereitstellen?<\/p>\n<p>K\u00f6nnen sich die Bewohner des Eichhofs dann immer noch f\u00f6rdernde Therapien, einen Kino-Besuch, einen Urlaub oder andere Aktivit\u00e4ten leisten?<\/p>\n<p>Dies will die Stiftung Eichhof sicherstellen. Zweck der Stiftung ist laut Satzung die &#8222;Beschaffung von Mitteln zur F\u00f6rderung des Wohlfahrtswesens, der Wohlfahrtspflege und zur Unterst\u00fctzung hilfsbed\u00fcrftiger Personen im Sinne des \u00a753 AO&#8220;. Dies wird insbesondere verwirklicht durch:<\/p>\n<ul>\n<li>die Beschaffung von Mitteln f\u00fcr die Lebensgemeinschaft Eichhof gGmbH zur Verwirklichung deren steuerbeg\u00fcnstigten Zwecke,<\/li>\n<li>die Unterst\u00fctzung und F\u00f6rderung der Betreuten mit Ma\u00dfnahmen wie z.B. Therapien, Freizeit und Erholungsma\u00dfnahmen, Weiterbildung, medizinische Hilfen und Unterst\u00fctzung, Gestellung von zus\u00e4tzlichem Pflege- und Hilfspersonal,<\/li>\n<li>Unterst\u00fctzung und Hilfestellung bei der gesetzlichen Betreuung, Altenpflege und tagesbegleitende Betreuung, Hospizarbeit, usw. dort, wo die Bed\u00fcrfnisse nicht durch Zuwendungen der \u00f6ffentlichen Hand oder Dritte gedeckt werden.<\/li>\n<li>die Schaffung und Erhaltung von Arbeitspl\u00e4tzen und tagesstrukturierenden Hilfen f\u00fcr die Betreuten,<\/li>\n<li>die Schaffung und Erhaltung von Wohnungen f\u00fcr die Betreuten,<\/li>\n<\/ul>\n<p>Hilfeleistungen sind auch f\u00fcr behinderte Menschen m\u00f6glich, die auf dem Eichhof gelebt haben.<\/p>\n","protected":false},"excerpt":{"rendered":"<p>Wie mag die Gesellschaft in einigen Jahren und Jahrzehnten aussehen? Wie viel Wert mag auf den sozialen Gedanken gelegt werden, wie viel Geld wird die &#8222;\u00d6ffentliche Hand&#8220; f\u00fcr die Schw\u00e4cheren bereitstellen? K\u00f6nnen sich die Bewohner des Eichhofs dann immer noch f\u00f6rdernde Therapien, einen Kino-Besuch, einen Urlaub oder andere Aktivit\u00e4ten leisten? Dies will die Stiftung Eichhof [&hellip;]<\/p>\n","protected":false},"author":1,"featured_media":0,"parent":0,"menu_order":0,"comment_status":"closed","ping_status":"closed","template":"","meta":[],"_links":{"self":[{"href":"https:\/\/www.eichhof.org\/stiftung\/wp-json\/wp\/v2\/pages\/18"}],"collection":[{"href":"https:\/\/www.eichhof.org\/stiftung\/wp-json\/wp\/v2\/pages"}],"about":[{"href":"https:\/\/www.eichhof.org\/stiftung\/wp-json\/wp\/v2\/types\/page"}],"author":[{"embeddable":true,"href":"https:\/\/www.eichhof.org\/stiftung\/wp-json\/wp\/v2\/users\/1"}],"replies":[{"embeddable":true,"href":"https:\/\/www.eichhof.org\/stiftung\/wp-json\/wp\/v2\/comments?post=18"}],"version-history":[{"count":4,"href":"https:\/\/www.eichhof.org\/stiftung\/wp-json\/wp\/v2\/pages\/18\/revisions"}],"predecessor-version":[{"id":71,"href":"https:\/\/www.eichhof.org\/stiftung\/wp-json\/wp\/v2\/pages\/18\/revisions\/71"}],"wp:attachment":[{"href":"https:\/\/www.eichhof.org\/stiftung\/wp-json\/wp\/v2\/media?parent=18"}],"curies":[{"name":"wp","href":"https:\/\/api.w.org\/{rel}","templated":true}]}}