{"id":16,"date":"2018-02-11T22:49:53","date_gmt":"2018-02-11T21:49:53","guid":{"rendered":"http:\/\/www.eichhof.org\/stiftung\/?page_id=16"},"modified":"2018-02-12T19:46:42","modified_gmt":"2018-02-12T18:46:42","slug":"miteinander-leben","status":"publish","type":"page","link":"https:\/\/www.eichhof.org\/stiftung\/miteinander-leben\/","title":{"rendered":"Miteinander leben und arbeiten"},"content":{"rendered":"<p>\u201eMiteinander leben und arbeiten\u201c: das Gef\u00fchl, gebraucht zu werden und etwas Sinnvolles zu tun, ist f\u00fcr alle Menschen wichtig. Auch auf dem Eichhof ist Arbeit Lebensqualit\u00e4t, sie st\u00e4rkt das Selbstbewusstsein und verschafft Anerkennung.<\/p>\n<p>Die Werkst\u00e4tten arbeiten so, dass f\u00fcr die Betreuten der Arbeitsprozess nachvollziehbar und das Arbeitsprodukt als Ganzes erkennbar ist. Die Gemeinschaft bietet Arbeitspl\u00e4tze in Kerzen-, Holz- und Metallwerkstatt sowie T\u00f6pferei, B\u00e4ckerei, Landwirtschaft und F\u00f6rderbereich. Das \u201eHaus der Begegnung\u201c steht f\u00fcr Feiern und kulturelle Veranstaltungen nicht nur unseren Bewohnern, sondern auch der Nachbarschaft aus den umliegenden Gemeinden offen. Der eigene Dorfladen mit seinem Sortiment von Bio-Produkten und den eigenen Backwaren stellt einen weiteren Anziehungspunkt f\u00fcr unsere Nachbarn aus Br\u00f6leck und Umgebung dar.<\/p>\n<p>Gesellschafter der Lebensgemeinschaft Eichhof sind der Freundeskreis Lebensgemeinschaft Eichhof e.V. und der Mitarbeiterverein f\u00fcr die Lebensgemeinschaft Eichhof e.V.<\/p>\n<p>Schon wenige Zeit nach dem Gr\u00fcndungsgedanken, als sich abzeichnete, dass der Eichhof als Lebensgemeinschaft wirklich einmal existieren w\u00fcrde, entstand die Idee zu einer Stiftung. Jahrelang war der Aufbau der Wohnh\u00e4user, der Werkstatt, des Hauses der Begegnung von beherrschender Stellung, doch im Jahr 2007 gelang es dann auch, eine Stiftung zu gr\u00fcnden.<\/p>\n<p>In einem feierlichen Akt wurde die Stiftungsurkunde am 28. Januar 2007 im Haus der Begegnung in Gegenwart der Mitglieder des Freundeskreis-Vereins unterzeichnet.<\/p>\n","protected":false},"excerpt":{"rendered":"<p>\u201eMiteinander leben und arbeiten\u201c: das Gef\u00fchl, gebraucht zu werden und etwas Sinnvolles zu tun, ist f\u00fcr alle Menschen wichtig. Auch auf dem Eichhof ist Arbeit Lebensqualit\u00e4t, sie st\u00e4rkt das Selbstbewusstsein und verschafft Anerkennung. Die Werkst\u00e4tten arbeiten so, dass f\u00fcr die Betreuten der Arbeitsprozess nachvollziehbar und das Arbeitsprodukt als Ganzes erkennbar ist. Die Gemeinschaft bietet Arbeitspl\u00e4tze [&hellip;]<\/p>\n","protected":false},"author":1,"featured_media":0,"parent":0,"menu_order":0,"comment_status":"closed","ping_status":"closed","template":"","meta":[],"_links":{"self":[{"href":"https:\/\/www.eichhof.org\/stiftung\/wp-json\/wp\/v2\/pages\/16"}],"collection":[{"href":"https:\/\/www.eichhof.org\/stiftung\/wp-json\/wp\/v2\/pages"}],"about":[{"href":"https:\/\/www.eichhof.org\/stiftung\/wp-json\/wp\/v2\/types\/page"}],"author":[{"embeddable":true,"href":"https:\/\/www.eichhof.org\/stiftung\/wp-json\/wp\/v2\/users\/1"}],"replies":[{"embeddable":true,"href":"https:\/\/www.eichhof.org\/stiftung\/wp-json\/wp\/v2\/comments?post=16"}],"version-history":[{"count":4,"href":"https:\/\/www.eichhof.org\/stiftung\/wp-json\/wp\/v2\/pages\/16\/revisions"}],"predecessor-version":[{"id":67,"href":"https:\/\/www.eichhof.org\/stiftung\/wp-json\/wp\/v2\/pages\/16\/revisions\/67"}],"wp:attachment":[{"href":"https:\/\/www.eichhof.org\/stiftung\/wp-json\/wp\/v2\/media?parent=16"}],"curies":[{"name":"wp","href":"https:\/\/api.w.org\/{rel}","templated":true}]}}