{"id":12,"date":"2018-02-11T22:48:48","date_gmt":"2018-02-11T21:48:48","guid":{"rendered":"http:\/\/www.eichhof.org\/stiftung\/?page_id=12"},"modified":"2018-02-12T19:46:08","modified_gmt":"2018-02-12T18:46:08","slug":"wozu_stiftungen","status":"publish","type":"page","link":"https:\/\/www.eichhof.org\/stiftung\/wozu_stiftungen\/","title":{"rendered":"Wozu dienen Stiftungen?"},"content":{"rendered":"<p>Was wird sein, wenn ich einmal nicht mehr bin?<\/p>\n<p>Zu allen Zeiten hat diese Frage die Menschen bewegt. Es ist wohl einer der Urw\u00fcnsche jedes Menschen, \u00fcber den eigenen Lebenszyklus hinaus etwas zu bewirken. Das mag in Form von Taten geschehen, \u00fcber die die Nachfahren noch sprechen.<\/p>\n<p>Weitaus h\u00e4ufiger aber ist es seit jeher anzutreffen, dass das Eigentum so verwendet wird, dass es dauerhaft Gutes bewirkt. Aber wie kann man sicherstellen, dass das Verm\u00f6gen im gew\u00fcnschten Sinn verwendet wird, wenn man sich selber nicht mehr darum k\u00fcmmern kann?<\/p>\n<p>Eine Antwort auf diese Frage ist die Stiftung. Schon seit dem Mittelalter gibt es Stiftungen. \u00dcber Jahrhunderte hinweg, trotz Kriegen, Seuchen und Wirrungen geh\u00f6ren sie zu den wenigen Konstanten in Deutschland. Hospit\u00e4ler, Waisenh\u00e4user, Kl\u00f6ster, ganze Ortschaften beruhten auf Stiftungen, die das \u00dcberleben der jeweiligen Einrichtung sicherte. In Deutschland gibt es \u00fcber 250 Stiftungen, die \u00fcber 500 Jahre alt sind und nach wie vor bestehen.<\/p>\n<p>Der Grund f\u00fcr die Dauerhaftigkeit der Stiftungen ist in der Ernsthaftigkeit zu finden, mit der zu allen Zeiten die Stiftungen \u00fcberwacht wurden. Bei kaum einer anderen Institution \u00fcberwacht der Staat mit vergleichbar gro\u00dfer Akribie, dass das gestiftete Geld tats\u00e4chlich genau gem\u00e4\u00df des gegebenen Stiftungszwecks verwendet wird. Im Gegensatz zu Spenden wird das gestiftete Geld nie wieder ausgegeben. Es verbleibt dauerhaft im Verm\u00f6gen der Stiftung.<\/p>\n<p>Nur die Ertr\u00e4ge dieses Kapitals, also die sich ergebenden Zinsen, d\u00fcrfen im Sinne der Stiftung verwendet werden. Einmal in die Stiftung gegebenes Geld, die sogenannten Zustiftungen, bewirken also somit auf alle Zeit Gutes.<\/p>\n","protected":false},"excerpt":{"rendered":"<p>Was wird sein, wenn ich einmal nicht mehr bin? Zu allen Zeiten hat diese Frage die Menschen bewegt. Es ist wohl einer der Urw\u00fcnsche jedes Menschen, \u00fcber den eigenen Lebenszyklus hinaus etwas zu bewirken. Das mag in Form von Taten geschehen, \u00fcber die die Nachfahren noch sprechen. Weitaus h\u00e4ufiger aber ist es seit jeher anzutreffen, [&hellip;]<\/p>\n","protected":false},"author":1,"featured_media":0,"parent":0,"menu_order":0,"comment_status":"closed","ping_status":"closed","template":"","meta":[],"_links":{"self":[{"href":"https:\/\/www.eichhof.org\/stiftung\/wp-json\/wp\/v2\/pages\/12"}],"collection":[{"href":"https:\/\/www.eichhof.org\/stiftung\/wp-json\/wp\/v2\/pages"}],"about":[{"href":"https:\/\/www.eichhof.org\/stiftung\/wp-json\/wp\/v2\/types\/page"}],"author":[{"embeddable":true,"href":"https:\/\/www.eichhof.org\/stiftung\/wp-json\/wp\/v2\/users\/1"}],"replies":[{"embeddable":true,"href":"https:\/\/www.eichhof.org\/stiftung\/wp-json\/wp\/v2\/comments?post=12"}],"version-history":[{"count":2,"href":"https:\/\/www.eichhof.org\/stiftung\/wp-json\/wp\/v2\/pages\/12\/revisions"}],"predecessor-version":[{"id":65,"href":"https:\/\/www.eichhof.org\/stiftung\/wp-json\/wp\/v2\/pages\/12\/revisions\/65"}],"wp:attachment":[{"href":"https:\/\/www.eichhof.org\/stiftung\/wp-json\/wp\/v2\/media?parent=12"}],"curies":[{"name":"wp","href":"https:\/\/api.w.org\/{rel}","templated":true}]}}